{"id":2,"date":"2010-05-19T12:55:48","date_gmt":"2010-05-19T12:55:48","guid":{"rendered":"http:\/\/prirodnilijek.covermagazin.com\/?page_id=2"},"modified":"2013-10-14T10:44:13","modified_gmt":"2013-10-14T08:44:13","slug":"about","status":"publish","type":"page","link":"https:\/\/prirodnilijek.covermagazin.com\/?page_id=2","title":{"rendered":"O nama"},"content":{"rendered":"<p>Prirodni lijek je dru\u0161tvena mre\u017ea u kojoj \u010dlanovi jedni drugima postavljaju pitanja i daju odgovore o prirodnim lijekovima narodne medicine.<\/p>\n<p>Ni jedan upit, ni odgovor, ni komentar nije savjetodavan. Oni su samo informativne namjene.<\/p>\n<p>Svaki prijedlog\u00a0 isprobavate na vlastitu odgovornost, te autori su\u010delja, upita, kao ni odgovara ne preuzimaju odgovornost za bilo kakvu informaciju iz teksta.<\/p>\n<p><span style=\"color: #ff0000;\">O primjeni bilo \u010dega \u0161to pro\u010ditate na su\u010delju trebate se prethodno konzultirati s lije\u010dnikom ili stru\u010dnom osobom.<\/span><\/p>\n<p>Va\u017eno je da znate, da na su\u010delju ne pi\u0161u stru\u010dne osobe, nego pojedinci na temelju vlastitog, tu\u0111eg iskustva ili narodne predaje.<\/p>\n<p>Ako postavljate pitanja ili dajete odgovore, nastojte biti \u0161to precizniji. Nemojte se uvla\u010diti u raspravu, te se dr\u017eite teme.<\/p>\n<p><span style=\"color: #ff0000;\">Trudnice posebno ne bi smjele primjenjivati pro\u010ditano jer neke biljke i pripravci mogu biti \u0161tetni\u00a0 trudno\u0107i. <\/span><\/p>\n<p><span style=\"color: #ff0000;\">Brisat \u0107e se svi komentari<\/span> za koje se uo\u010di da sadr\u017eavaju osobne informacije, promoviraju neke lijekove ili imaju negativan stav prema lije\u010dnicima ili konvencionalnoj medini.<\/p>\n","protected":false},"excerpt":{"rendered":"<p>Prirodni lijek je dru\u0161tvena mre\u017ea u kojoj \u010dlanovi jedni drugima postavljaju pitanja i daju odgovore o prirodnim lijekovima narodne medicine. Ni jedan upit, ni odgovor, ni komentar nije savjetodavan. Oni su samo informativne namjene. Svaki prijedlog\u00a0 isprobavate na vlastitu odgovornost, te autori su\u010delja, upita, kao ni odgovara ne preuzimaju odgovornost za bilo kakvu informaciju iz [&hellip;]<\/p>\n","protected":false},"author":1,"featured_media":0,"parent":0,"menu_order":0,"comment_status":"open","ping_status":"open","template":"","meta":{"footnotes":""},"class_list":["post-2","page","type-page","status-publish","hentry"],"_links":{"self":[{"href":"https:\/\/prirodnilijek.covermagazin.com\/index.php?rest_route=\/wp\/v2\/pages\/2","targetHints":{"allow":["GET"]}}],"collection":[{"href":"https:\/\/prirodnilijek.covermagazin.com\/index.php?rest_route=\/wp\/v2\/pages"}],"about":[{"href":"https:\/\/prirodnilijek.covermagazin.com\/index.php?rest_route=\/wp\/v2\/types\/page"}],"author":[{"embeddable":true,"href":"https:\/\/prirodnilijek.covermagazin.com\/index.php?rest_route=\/wp\/v2\/users\/1"}],"replies":[{"embeddable":true,"href":"https:\/\/prirodnilijek.covermagazin.com\/index.php?rest_route=%2Fwp%2Fv2%2Fcomments&post=2"}],"version-history":[{"count":9,"href":"https:\/\/prirodnilijek.covermagazin.com\/index.php?rest_route=\/wp\/v2\/pages\/2\/revisions"}],"predecessor-version":[{"id":5,"href":"https:\/\/prirodnilijek.covermagazin.com\/index.php?rest_route=\/wp\/v2\/pages\/2\/revisions\/5"}],"wp:attachment":[{"href":"https:\/\/prirodnilijek.covermagazin.com\/index.php?rest_route=%2Fwp%2Fv2%2Fmedia&parent=2"}],"curies":[{"name":"wp","href":"https:\/\/api.w.org\/{rel}","templated":true}]}}