{"id":4323,"date":"2012-09-09T22:36:46","date_gmt":"2012-09-09T20:36:46","guid":{"rendered":"http:\/\/prirodnilijek.covermagazin.com\/?page_id=4323"},"modified":"2024-10-28T10:47:00","modified_gmt":"2024-10-28T08:47:00","slug":"bolesti-a-z","status":"publish","type":"page","link":"https:\/\/prirodnilijek.covermagazin.com\/?page_id=4323","title":{"rendered":"Bolesti A-Z"},"content":{"rendered":"<ul class=\"wp-block-categories-list wp-block-categories\">\t<li class=\"cat-item cat-item-244\"><a href=\"https:\/\/prirodnilijek.covermagazin.com\/?cat=244\">40 nedoumica o trudno\u0107i, \u0161to se smije a \u0161to ne<\/a>\n<\/li>\n\t<li class=\"cat-item cat-item-143\"><a href=\"https:\/\/prirodnilijek.covermagazin.com\/?cat=143\">Afrodizijaci &amp; Seks<\/a>\n<\/li>\n\t<li class=\"cat-item cat-item-251\"><a href=\"https:\/\/prirodnilijek.covermagazin.com\/?cat=251\">Akne<\/a>\n<\/li>\n\t<li class=\"cat-item cat-item-3\"><a href=\"https:\/\/prirodnilijek.covermagazin.com\/?cat=3\">Alergije<\/a>\n<\/li>\n\t<li class=\"cat-item cat-item-252\"><a href=\"https:\/\/prirodnilijek.covermagazin.com\/?cat=252\">Alergije<\/a>\n<\/li>\n\t<li class=\"cat-item cat-item-253\"><a href=\"https:\/\/prirodnilijek.covermagazin.com\/?cat=253\">Anemija<\/a>\n<\/li>\n\t<li class=\"cat-item cat-item-254\"><a href=\"https:\/\/prirodnilijek.covermagazin.com\/?cat=254\">Angina<\/a>\n<\/li>\n\t<li class=\"cat-item cat-item-255\"><a href=\"https:\/\/prirodnilijek.covermagazin.com\/?cat=255\">Anksioznost<\/a>\n<\/li>\n\t<li class=\"cat-item cat-item-183\"><a href=\"https:\/\/prirodnilijek.covermagazin.com\/?cat=183\">Aromaterapija<\/a>\n<\/li>\n\t<li class=\"cat-item cat-item-256\"><a href=\"https:\/\/prirodnilijek.covermagazin.com\/?cat=256\">Arterioskleroza<\/a>\n<\/li>\n\t<li class=\"cat-item cat-item-257\"><a href=\"https:\/\/prirodnilijek.covermagazin.com\/?cat=257\">Artritis<\/a>\n<\/li>\n\t<li class=\"cat-item cat-item-258\"><a href=\"https:\/\/prirodnilijek.covermagazin.com\/?cat=258\">Astma<\/a>\n<\/li>\n\t<li class=\"cat-item cat-item-260\"><a href=\"https:\/\/prirodnilijek.covermagazin.com\/?cat=260\">Bol u le\u0111ima<\/a>\n<\/li>\n\t<li class=\"cat-item cat-item-259\"><a href=\"https:\/\/prirodnilijek.covermagazin.com\/?cat=259\">Bolovi<\/a>\n<\/li>\n\t<li class=\"cat-item cat-item-261\"><a href=\"https:\/\/prirodnilijek.covermagazin.com\/?cat=261\">Bolovi u o\u010dima<\/a>\n<\/li>\n\t<li class=\"cat-item cat-item-262\"><a href=\"https:\/\/prirodnilijek.covermagazin.com\/?cat=262\">Bolovi u trbuhu<\/a>\n<\/li>\n\t<li class=\"cat-item cat-item-263\"><a href=\"https:\/\/prirodnilijek.covermagazin.com\/?cat=263\">Bolovi u uhu<\/a>\n<\/li>\n\t<li class=\"cat-item cat-item-264\"><a href=\"https:\/\/prirodnilijek.covermagazin.com\/?cat=264\">Bore<\/a>\n<\/li>\n\t<li class=\"cat-item cat-item-265\"><a href=\"https:\/\/prirodnilijek.covermagazin.com\/?cat=265\">Bronhitis<\/a>\n<\/li>\n\t<li class=\"cat-item cat-item-4\"><a href=\"https:\/\/prirodnilijek.covermagazin.com\/?cat=4\">Bubrezi i mokra\u0107ni sustav<\/a>\n<\/li>\n\t<li class=\"cat-item cat-item-201\"><a href=\"https:\/\/prirodnilijek.covermagazin.com\/?cat=201\">\u010cajevi po bolestima<\/a>\n<\/li>\n\t<li class=\"cat-item cat-item-266\"><a href=\"https:\/\/prirodnilijek.covermagazin.com\/?cat=266\">Candida<\/a>\n<\/li>\n\t<li class=\"cat-item cat-item-267\"><a href=\"https:\/\/prirodnilijek.covermagazin.com\/?cat=267\">Celulit<\/a>\n<\/li>\n\t<li class=\"cat-item cat-item-269\"><a href=\"https:\/\/prirodnilijek.covermagazin.com\/?cat=269\">\u010cirevi<\/a>\n<\/li>\n\t<li class=\"cat-item cat-item-268\"><a href=\"https:\/\/prirodnilijek.covermagazin.com\/?cat=268\">Crvene o\u010di<\/a>\n<\/li>\n\t<li class=\"cat-item cat-item-358\"><a href=\"https:\/\/prirodnilijek.covermagazin.com\/?cat=358\">Debljina<\/a>\n<\/li>\n\t<li class=\"cat-item cat-item-270\"><a href=\"https:\/\/prirodnilijek.covermagazin.com\/?cat=270\">Depresija<\/a>\n<\/li>\n\t<li class=\"cat-item cat-item-271\"><a href=\"https:\/\/prirodnilijek.covermagazin.com\/?cat=271\">Dermatitis<\/a>\n<\/li>\n\t<li class=\"cat-item cat-item-272\"><a href=\"https:\/\/prirodnilijek.covermagazin.com\/?cat=272\">Dijabetes<\/a>\n<\/li>\n\t<li class=\"cat-item cat-item-5\"><a href=\"https:\/\/prirodnilijek.covermagazin.com\/?cat=5\">Di\u0161ni sustav<\/a>\n<\/li>\n\t<li class=\"cat-item cat-item-273\"><a href=\"https:\/\/prirodnilijek.covermagazin.com\/?cat=273\">Dlakavost<\/a>\n<\/li>\n\t<li class=\"cat-item cat-item-12\"><a href=\"https:\/\/prirodnilijek.covermagazin.com\/?cat=12\">Du\u0161evne bolesti i stanja<\/a>\n<\/li>\n\t<li class=\"cat-item cat-item-274\"><a href=\"https:\/\/prirodnilijek.covermagazin.com\/?cat=274\">Edem<\/a>\n<\/li>\n\t<li class=\"cat-item cat-item-275\"><a href=\"https:\/\/prirodnilijek.covermagazin.com\/?cat=275\">Ekcem<\/a>\n<\/li>\n\t<li class=\"cat-item cat-item-276\"><a href=\"https:\/\/prirodnilijek.covermagazin.com\/?cat=276\">Genitalni herpes<\/a>\n<\/li>\n\t<li class=\"cat-item cat-item-277\"><a href=\"https:\/\/prirodnilijek.covermagazin.com\/?cat=277\">Giht<\/a>\n<\/li>\n\t<li class=\"cat-item cat-item-278\"><a href=\"https:\/\/prirodnilijek.covermagazin.com\/?cat=278\">Glavobolje<\/a>\n<\/li>\n\t<li class=\"cat-item cat-item-279\"><a href=\"https:\/\/prirodnilijek.covermagazin.com\/?cat=279\">Gljivi\u010dne infekcije<\/a>\n<\/li>\n\t<li class=\"cat-item cat-item-280\"><a href=\"https:\/\/prirodnilijek.covermagazin.com\/?cat=280\">Gojaznost<\/a>\n<\/li>\n\t<li class=\"cat-item cat-item-281\"><a href=\"https:\/\/prirodnilijek.covermagazin.com\/?cat=281\">Gripa<\/a>\n<\/li>\n\t<li class=\"cat-item cat-item-359\"><a href=\"https:\/\/prirodnilijek.covermagazin.com\/?cat=359\">Hemoroidi<\/a>\n<\/li>\n\t<li class=\"cat-item cat-item-283\"><a href=\"https:\/\/prirodnilijek.covermagazin.com\/?cat=283\">Hepatitis<\/a>\n<\/li>\n\t<li class=\"cat-item cat-item-284\"><a href=\"https:\/\/prirodnilijek.covermagazin.com\/?cat=284\">Herpes<\/a>\n<\/li>\n\t<li class=\"cat-item cat-item-285\"><a href=\"https:\/\/prirodnilijek.covermagazin.com\/?cat=285\">Hipoglikemija<\/a>\n<\/li>\n\t<li class=\"cat-item cat-item-198\"><a href=\"https:\/\/prirodnilijek.covermagazin.com\/?cat=198\">Hitna biljna pomo\u0107<\/a>\n<\/li>\n\t<li class=\"cat-item cat-item-14\"><a href=\"https:\/\/prirodnilijek.covermagazin.com\/?cat=14\">Hormonske bolesti<\/a>\n<\/li>\n\t<li class=\"cat-item cat-item-286\"><a href=\"https:\/\/prirodnilijek.covermagazin.com\/?cat=286\">Hrkanje<\/a>\n<\/li>\n\t<li class=\"cat-item cat-item-287\"><a href=\"https:\/\/prirodnilijek.covermagazin.com\/?cat=287\">Hunjavica<\/a>\n<\/li>\n\t<li class=\"cat-item cat-item-288\"><a href=\"https:\/\/prirodnilijek.covermagazin.com\/?cat=288\">Impotencija<\/a>\n<\/li>\n\t<li class=\"cat-item cat-item-289\"><a href=\"https:\/\/prirodnilijek.covermagazin.com\/?cat=289\">Infekcije<\/a>\n<\/li>\n\t<li class=\"cat-item cat-item-290\"><a href=\"https:\/\/prirodnilijek.covermagazin.com\/?cat=290\">Inkontinencija<\/a>\n<\/li>\n\t<li class=\"cat-item cat-item-293\"><a href=\"https:\/\/prirodnilijek.covermagazin.com\/?cat=293\">I\u0161\u010da\u0161enje<\/a>\n<\/li>\n\t<li class=\"cat-item cat-item-365\"><a href=\"https:\/\/prirodnilijek.covermagazin.com\/?cat=365\">Iskustva<\/a>\n<\/li>\n\t<li class=\"cat-item cat-item-291\"><a href=\"https:\/\/prirodnilijek.covermagazin.com\/?cat=291\">Ispadanje kose<\/a>\n<\/li>\n\t<li class=\"cat-item cat-item-292\"><a href=\"https:\/\/prirodnilijek.covermagazin.com\/?cat=292\">Ispucale usne<\/a>\n<\/li>\n\t<li class=\"cat-item cat-item-294\"><a href=\"https:\/\/prirodnilijek.covermagazin.com\/?cat=294\">Ka\u0161alj<\/a>\n<\/li>\n\t<li class=\"cat-item cat-item-295\"><a href=\"https:\/\/prirodnilijek.covermagazin.com\/?cat=295\">Kihanje<\/a>\n<\/li>\n\t<li class=\"cat-item cat-item-297\"><a href=\"https:\/\/prirodnilijek.covermagazin.com\/?cat=297\">Kolesterol<\/a>\n<\/li>\n\t<li class=\"cat-item cat-item-298\"><a href=\"https:\/\/prirodnilijek.covermagazin.com\/?cat=298\">Kolitis<\/a>\n<\/li>\n\t<li class=\"cat-item cat-item-299\"><a href=\"https:\/\/prirodnilijek.covermagazin.com\/?cat=299\">Koprivnja\u010da<\/a>\n<\/li>\n\t<li class=\"cat-item cat-item-24\"><a href=\"https:\/\/prirodnilijek.covermagazin.com\/?cat=24\">Kosti i zglobovi<\/a>\n<\/li>\n\t<li class=\"cat-item cat-item-15\"><a href=\"https:\/\/prirodnilijek.covermagazin.com\/?cat=15\">Ko\u017ea<\/a>\n<\/li>\n\t<li class=\"cat-item cat-item-300\"><a href=\"https:\/\/prirodnilijek.covermagazin.com\/?cat=300\">Krvarenje<\/a>\n<\/li>\n\t<li class=\"cat-item cat-item-301\"><a href=\"https:\/\/prirodnilijek.covermagazin.com\/?cat=301\">Krvni tlak<\/a>\n<\/li>\n\t<li class=\"cat-item cat-item-302\"><a href=\"https:\/\/prirodnilijek.covermagazin.com\/?cat=302\">Lo\u0161a probava<\/a>\n<\/li>\n\t<li class=\"cat-item cat-item-303\"><a href=\"https:\/\/prirodnilijek.covermagazin.com\/?cat=303\">Made\u017ei<\/a>\n<\/li>\n\t<li class=\"cat-item cat-item-304\"><a href=\"https:\/\/prirodnilijek.covermagazin.com\/?cat=304\">Mamurluk<\/a>\n<\/li>\n\t<li class=\"cat-item cat-item-305\"><a href=\"https:\/\/prirodnilijek.covermagazin.com\/?cat=305\">Masna kosa<\/a>\n<\/li>\n\t<li class=\"cat-item cat-item-239\"><a href=\"https:\/\/prirodnilijek.covermagazin.com\/?cat=239\">Med kao lijek<\/a>\n<\/li>\n\t<li class=\"cat-item cat-item-306\"><a href=\"https:\/\/prirodnilijek.covermagazin.com\/?cat=306\">Menopauza<\/a>\n<\/li>\n\t<li class=\"cat-item cat-item-307\"><a href=\"https:\/\/prirodnilijek.covermagazin.com\/?cat=307\">Menstrualni bolovi<\/a>\n<\/li>\n\t<li class=\"cat-item cat-item-13\"><a href=\"https:\/\/prirodnilijek.covermagazin.com\/?cat=13\">Metabolizam<\/a>\n<\/li>\n\t<li class=\"cat-item cat-item-8\"><a href=\"https:\/\/prirodnilijek.covermagazin.com\/?cat=8\">Mi\u0161i\u0107ne bolesti i stanja<\/a>\n<\/li>\n\t<li class=\"cat-item cat-item-308\"><a href=\"https:\/\/prirodnilijek.covermagazin.com\/?cat=308\">Modrice<\/a>\n<\/li>\n\t<li class=\"cat-item cat-item-309\"><a href=\"https:\/\/prirodnilijek.covermagazin.com\/?cat=309\">Mokrenje<\/a>\n<\/li>\n\t<li class=\"cat-item cat-item-310\"><a href=\"https:\/\/prirodnilijek.covermagazin.com\/?cat=310\">Mononukleoza<\/a>\n<\/li>\n\t<li class=\"cat-item cat-item-6\"><a href=\"https:\/\/prirodnilijek.covermagazin.com\/?cat=6\">Mu\u0161ke bolesti i stanja<\/a>\n<\/li>\n\t<li class=\"cat-item cat-item-351\"><a href=\"https:\/\/prirodnilijek.covermagazin.com\/?cat=351\">Nadutost<\/a>\n<\/li>\n\t<li class=\"cat-item cat-item-139\"><a href=\"https:\/\/prirodnilijek.covermagazin.com\/?cat=139\">Narodni lijekovi<\/a>\n<\/li>\n\t<li class=\"cat-item cat-item-312\"><a href=\"https:\/\/prirodnilijek.covermagazin.com\/?cat=312\">Nervoza<\/a>\n<\/li>\n\t<li class=\"cat-item cat-item-313\"><a href=\"https:\/\/prirodnilijek.covermagazin.com\/?cat=313\">Nesanica<\/a>\n<\/li>\n\t<li class=\"cat-item cat-item-314\"><a href=\"https:\/\/prirodnilijek.covermagazin.com\/?cat=314\">Neugodan zadah<\/a>\n<\/li>\n\t<li class=\"cat-item cat-item-315\"><a href=\"https:\/\/prirodnilijek.covermagazin.com\/?cat=315\">Ogrebotine<\/a>\n<\/li>\n\t<li class=\"cat-item cat-item-316\"><a href=\"https:\/\/prirodnilijek.covermagazin.com\/?cat=316\">Opekline<\/a>\n<\/li>\n\t<li class=\"cat-item cat-item-317\"><a href=\"https:\/\/prirodnilijek.covermagazin.com\/?cat=317\">Osip<\/a>\n<\/li>\n\t<li class=\"cat-item cat-item-318\"><a href=\"https:\/\/prirodnilijek.covermagazin.com\/?cat=318\">Osjetljivi zubi<\/a>\n<\/li>\n\t<li class=\"cat-item cat-item-319\"><a href=\"https:\/\/prirodnilijek.covermagazin.com\/?cat=319\">Osteoporoza<\/a>\n<\/li>\n\t<li class=\"cat-item cat-item-320\"><a href=\"https:\/\/prirodnilijek.covermagazin.com\/?cat=320\">Otekline<\/a>\n<\/li>\n\t<li class=\"cat-item cat-item-321\"><a href=\"https:\/\/prirodnilijek.covermagazin.com\/?cat=321\">O\u017eiljci<\/a>\n<\/li>\n\t<li class=\"cat-item cat-item-322\"><a href=\"https:\/\/prirodnilijek.covermagazin.com\/?cat=322\">Panika<\/a>\n<\/li>\n\t<li class=\"cat-item cat-item-323\"><a href=\"https:\/\/prirodnilijek.covermagazin.com\/?cat=323\">Pjege<\/a>\n<\/li>\n\t<li class=\"cat-item cat-item-324\"><a href=\"https:\/\/prirodnilijek.covermagazin.com\/?cat=324\">Plikovi<\/a>\n<\/li>\n\t<li class=\"cat-item cat-item-325\"><a href=\"https:\/\/prirodnilijek.covermagazin.com\/?cat=325\">Poba\u010daj<\/a>\n<\/li>\n\t<li class=\"cat-item cat-item-326\"><a href=\"https:\/\/prirodnilijek.covermagazin.com\/?cat=326\">Podrigivanje<\/a>\n<\/li>\n\t<li class=\"cat-item cat-item-327\"><a href=\"https:\/\/prirodnilijek.covermagazin.com\/?cat=327\">Polipi<\/a>\n<\/li>\n\t<li class=\"cat-item cat-item-328\"><a href=\"https:\/\/prirodnilijek.covermagazin.com\/?cat=328\">Posjekotine<\/a>\n<\/li>\n\t<li class=\"cat-item cat-item-330\"><a href=\"https:\/\/prirodnilijek.covermagazin.com\/?cat=330\">Povra\u0107anje<\/a>\n<\/li>\n\t<li class=\"cat-item cat-item-331\"><a href=\"https:\/\/prirodnilijek.covermagazin.com\/?cat=331\">Prehlada<\/a>\n<\/li>\n\t<li class=\"cat-item cat-item-200\"><a href=\"https:\/\/prirodnilijek.covermagazin.com\/?cat=200\">Prehrana po bolestima<\/a>\n<\/li>\n\t<li class=\"cat-item cat-item-333\"><a href=\"https:\/\/prirodnilijek.covermagazin.com\/?cat=333\">Prhut<\/a>\n<\/li>\n\t<li class=\"cat-item cat-item-112\"><a href=\"https:\/\/prirodnilijek.covermagazin.com\/?cat=112\">Prirodna ljepota<\/a>\n<\/li>\n\t<li class=\"cat-item cat-item-240\"><a href=\"https:\/\/prirodnilijek.covermagazin.com\/?cat=240\">Prirodna sredstva za \u010di\u0161\u0107enje<\/a>\n<\/li>\n\t<li class=\"cat-item cat-item-163\"><a href=\"https:\/\/prirodnilijek.covermagazin.com\/?cat=163\">Prirodni ljekoviti sokovi<\/a>\n<\/li>\n\t<li class=\"cat-item cat-item-334\"><a href=\"https:\/\/prirodnilijek.covermagazin.com\/?cat=334\">Pri\u0161ti\u0107i<\/a>\n<\/li>\n\t<li class=\"cat-item cat-item-9\"><a href=\"https:\/\/prirodnilijek.covermagazin.com\/?cat=9\">Probavni sustav<\/a>\n<\/li>\n\t<li class=\"cat-item cat-item-335\"><a href=\"https:\/\/prirodnilijek.covermagazin.com\/?cat=335\">Proljev<\/a>\n<\/li>\n\t<li class=\"cat-item cat-item-336\"><a href=\"https:\/\/prirodnilijek.covermagazin.com\/?cat=336\">Promuklost<\/a>\n<\/li>\n\t<li class=\"cat-item cat-item-329\"><a href=\"https:\/\/prirodnilijek.covermagazin.com\/?cat=329\">Prostata<\/a>\n<\/li>\n\t<li class=\"cat-item cat-item-337\"><a href=\"https:\/\/prirodnilijek.covermagazin.com\/?cat=337\">Psorijaza<\/a>\n<\/li>\n\t<li class=\"cat-item cat-item-338\"><a href=\"https:\/\/prirodnilijek.covermagazin.com\/?cat=338\">Rak i tumori<\/a>\n<\/li>\n\t<li class=\"cat-item cat-item-339\"><a href=\"https:\/\/prirodnilijek.covermagazin.com\/?cat=339\">Reumatizam<\/a>\n<\/li>\n\t<li class=\"cat-item cat-item-340\"><a href=\"https:\/\/prirodnilijek.covermagazin.com\/?cat=340\">Rosacea<\/a>\n<\/li>\n\t<li class=\"cat-item cat-item-341\"><a href=\"https:\/\/prirodnilijek.covermagazin.com\/?cat=341\">Senilnost<\/a>\n<\/li>\n\t<li class=\"cat-item cat-item-342\"><a href=\"https:\/\/prirodnilijek.covermagazin.com\/?cat=342\">Sinusi<\/a>\n<\/li>\n\t<li class=\"cat-item cat-item-16\"><a href=\"https:\/\/prirodnilijek.covermagazin.com\/?cat=16\">Spolne bolesti<\/a>\n<\/li>\n\t<li class=\"cat-item cat-item-7\"><a href=\"https:\/\/prirodnilijek.covermagazin.com\/?cat=7\">Srce i krvozilni sustav<\/a>\n<\/li>\n\t<li class=\"cat-item cat-item-136\"><a href=\"https:\/\/prirodnilijek.covermagazin.com\/?cat=136\">\u0160to ka\u017ee znanost<\/a>\n<\/li>\n\t<li class=\"cat-item cat-item-343\"><a href=\"https:\/\/prirodnilijek.covermagazin.com\/?cat=343\">Strije<\/a>\n<\/li>\n\t<li class=\"cat-item cat-item-345\"><a href=\"https:\/\/prirodnilijek.covermagazin.com\/?cat=345\">\u0160tucanje<\/a>\n<\/li>\n\t<li class=\"cat-item cat-item-344\"><a href=\"https:\/\/prirodnilijek.covermagazin.com\/?cat=344\">Svrbe\u017e<\/a>\n<\/li>\n\t<li class=\"cat-item cat-item-346\"><a href=\"https:\/\/prirodnilijek.covermagazin.com\/?cat=346\">Tek<\/a>\n<\/li>\n\t<li class=\"cat-item cat-item-347\"><a href=\"https:\/\/prirodnilijek.covermagazin.com\/?cat=347\">Uganu\u0107e<\/a>\n<\/li>\n\t<li class=\"cat-item cat-item-10\"><a href=\"https:\/\/prirodnilijek.covermagazin.com\/?cat=10\">Uho, grlo, nos, oko<\/a>\n<\/li>\n\t<li class=\"cat-item cat-item-311\"><a href=\"https:\/\/prirodnilijek.covermagazin.com\/?cat=311\">Upala crijeva<\/a>\n<\/li>\n\t<li class=\"cat-item cat-item-348\"><a href=\"https:\/\/prirodnilijek.covermagazin.com\/?cat=348\">Upala vena<\/a>\n<\/li>\n\t<li class=\"cat-item cat-item-349\"><a href=\"https:\/\/prirodnilijek.covermagazin.com\/?cat=349\">Upale<\/a>\n<\/li>\n\t<li class=\"cat-item cat-item-350\"><a href=\"https:\/\/prirodnilijek.covermagazin.com\/?cat=350\">Vjetrovi<\/a>\n<\/li>\n\t<li class=\"cat-item cat-item-352\"><a href=\"https:\/\/prirodnilijek.covermagazin.com\/?cat=352\">Vodene kozice<\/a>\n<\/li>\n\t<li class=\"cat-item cat-item-353\"><a href=\"https:\/\/prirodnilijek.covermagazin.com\/?cat=353\">Vrtoglavica<\/a>\n<\/li>\n\t<li class=\"cat-item cat-item-354\"><a href=\"https:\/\/prirodnilijek.covermagazin.com\/?cat=354\">Vru\u0107ica<\/a>\n<\/li>\n\t<li class=\"cat-item cat-item-17\"><a href=\"https:\/\/prirodnilijek.covermagazin.com\/?cat=17\">Zarazne bolesti<\/a>\n<\/li>\n\t<li class=\"cat-item cat-item-355\"><a href=\"https:\/\/prirodnilijek.covermagazin.com\/?cat=355\">Zatvor<\/a>\n<\/li>\n\t<li class=\"cat-item cat-item-356\"><a href=\"https:\/\/prirodnilijek.covermagazin.com\/?cat=356\">Zau\u0161njaci<\/a>\n<\/li>\n\t<li class=\"cat-item cat-item-1\"><a href=\"https:\/\/prirodnilijek.covermagazin.com\/?cat=1\">Zdrave biljke kao inspiracija<\/a>\n<\/li>\n\t<li class=\"cat-item cat-item-108\"><a href=\"https:\/\/prirodnilijek.covermagazin.com\/?cat=108\">Zdravlje<\/a>\n<\/li>\n\t<li class=\"cat-item cat-item-19\"><a href=\"https:\/\/prirodnilijek.covermagazin.com\/?cat=19\">\u017denske bolesti<\/a>\n<\/li>\n\t<li class=\"cat-item cat-item-11\"><a href=\"https:\/\/prirodnilijek.covermagazin.com\/?cat=11\">\u017div\u010dani sustav<\/a>\n<\/li>\n\t<li class=\"cat-item cat-item-357\"><a href=\"https:\/\/prirodnilijek.covermagazin.com\/?cat=357\">\u017divci<\/a>\n<\/li>\n\t<li class=\"cat-item cat-item-18\"><a href=\"https:\/\/prirodnilijek.covermagazin.com\/?cat=18\">Zlo\u0107udne bolesti<\/a>\n<\/li>\n\t<li class=\"cat-item cat-item-332\"><a href=\"https:\/\/prirodnilijek.covermagazin.com\/?cat=332\">Znojenje<\/a>\n<\/li>\n<\/ul>","protected":false},"excerpt":{"rendered":"","protected":false},"author":1,"featured_media":0,"parent":0,"menu_order":0,"comment_status":"open","ping_status":"open","template":"","meta":{"footnotes":""},"class_list":["post-4323","page","type-page","status-publish","hentry"],"_links":{"self":[{"href":"https:\/\/prirodnilijek.covermagazin.com\/index.php?rest_route=\/wp\/v2\/pages\/4323","targetHints":{"allow":["GET"]}}],"collection":[{"href":"https:\/\/prirodnilijek.covermagazin.com\/index.php?rest_route=\/wp\/v2\/pages"}],"about":[{"href":"https:\/\/prirodnilijek.covermagazin.com\/index.php?rest_route=\/wp\/v2\/types\/page"}],"author":[{"embeddable":true,"href":"https:\/\/prirodnilijek.covermagazin.com\/index.php?rest_route=\/wp\/v2\/users\/1"}],"replies":[{"embeddable":true,"href":"https:\/\/prirodnilijek.covermagazin.com\/index.php?rest_route=%2Fwp%2Fv2%2Fcomments&post=4323"}],"version-history":[{"count":2,"href":"https:\/\/prirodnilijek.covermagazin.com\/index.php?rest_route=\/wp\/v2\/pages\/4323\/revisions"}],"predecessor-version":[{"id":7225,"href":"https:\/\/prirodnilijek.covermagazin.com\/index.php?rest_route=\/wp\/v2\/pages\/4323\/revisions\/7225"}],"wp:attachment":[{"href":"https:\/\/prirodnilijek.covermagazin.com\/index.php?rest_route=%2Fwp%2Fv2%2Fmedia&parent=4323"}],"curies":[{"name":"wp","href":"https:\/\/api.w.org\/{rel}","templated":true}]}}