{"id":889,"date":"2025-02-12T23:02:49","date_gmt":"2025-02-12T21:02:49","guid":{"rendered":"http:\/\/prirodnilijek.covermagazin.com\/?page_id=889"},"modified":"2025-02-12T23:02:50","modified_gmt":"2025-02-12T21:02:50","slug":"tinkture","status":"publish","type":"page","link":"https:\/\/prirodnilijek.covermagazin.com\/?page_id=889","title":{"rendered":"Tinkture"},"content":{"rendered":"\n<p>Tinkture su teku\u0107i alkoholni ekstrakti iz ljekoviti biljaka. Za tinkture se upotrebljava 40, 50 ili 70 postotni alkohol.<\/p>\n\n\n\n<p>One su vrlo u\u010dinkovite kao biljne kapi koje se uzimaju samostalno ili kao dodatak pi\u0107u i hrani.<\/p>\n\n\n\n<p>Najpoznatije su tinkture :<\/p>\n\n\n\n<p><strong>TINKTURA BREZE<\/strong> \u2013 Poma\u017ee kod upale bubrega, oboljenja jetre, \u017eu\u010dnih kamenaca i upale mjehura.<\/p>\n\n\n\n<p><strong>TINKTURA DIVLJEG KESTENA<\/strong> \u2013 Sadr\u017ei tvari koje su\u017eavaju krvne \u017eile, te poma\u017ee kod pro\u0161irenih vena, hemeroida, tromboflebitisa.<\/p>\n\n\n\n<p><strong>TINKTURA HRASTOVE KORE<\/strong> \u2013 Najpoznatije izvori\u0161te tanina za ljekovite svrhe. Tanini koaguliraju bjelan\u010devine i ste\u017eu tkivo, pa poma\u017eu kod krvavog ka\u0161lja i ina\u010de kod zaustavljanja unutarnjeg krvarenja, te u suzbijanju upale crijeva.<\/p>\n\n\n\n<p><strong>TINKTURA KADULJE<\/strong> \u2013 Dobar je antiseptik i zbog toga se naj\u010de\u0161\u0107e upotrebljava kod upale krajnika, usne \u0161upljine, upala \u017eeluca, crijeva, jetre i \u017eu\u010di te mokra\u0107nih kanala.<\/p>\n\n\n\n<p><strong>TINKTURA KAMILICE <\/strong>\u2013 \u00a0Umiruje i sti\u0161ava bolove i gr\u010deve. Upotrebljava se kod svih oboljenja crijeva i \u017eeluca (gr\u010deva, upala, proljeva, \u010dira na \u017eelucu i dvanaestercu, nadutosti, \u017eelu\u010dane kiseline) u bolestima bubrega, jetre i \u017eu\u010di. Sna\u017enog je antimikrobnog djelovanja.<\/p>\n\n\n\n<p><strong>TINKTURA KOPRIVE<\/strong> \u2013 Koristi se u lije\u010denju bolesti mokra\u0107nih kanala, bubrega i bubre\u017enih kamenaca. Poma\u017ee kod lije\u010denja anemije. Op\u0107enito ja\u010da otpornost organizma. Zbog visokog sadr\u017eaja tanina efikasna je kod zaustavljanja vanjskog i unutarnjeg krvarenja (krvarenja \u010dira na \u017eelucu i dvanaestercu, prejakog menstrualnog krvarenja, hemeroida).<\/p>\n\n\n\n<p><strong>TINKTURA MAJ\u010cINE DU\u0160ICE<\/strong> \u2013 Utje\u010de na rastvaranje i lak\u0161e izlu\u010divanje sluzi i ima jaku mo\u0107 dezinfekcije, pa se upotrebljava kod bolesti plu\u0107a i di\u0161nih organa, bolesti mjehura, bubrega, ja\u010danja funkcije \u017eeluca.<\/p>\n\n\n\n<p><strong>TINKTURA METVICE<\/strong> \u2013 Upotrebljava se kao vrlo dobro sredstvo za dezinfekciju, protiv bolova, za lije\u010denje neuralgije, umirivanje nervoznog lupanja srca, te razdra\u017eljivosti.<\/p>\n\n\n\n<p><strong>TINKTURA LAVANDE<\/strong> \u2013 Djeluje na umirenje gr\u010deva, poma\u017ee kod nadutosti, migrena, nesvjestice, vrtoglavice, protiv gubitka apetita, osje\u0107aja mu\u010dnine, kod nervoznog lupanja srca.<\/p>\n\n\n\n<p><strong>TINKTURA ODOLJENA<\/strong> \u2013 Ima \u0161iroku primjenu u lije\u010denju \u017eiv\u010danih smetnji, iscrpljenosti, du\u0161evne premorenosti i nesanice.<\/p>\n\n\n\n<p><strong>TINKTURA RU\u017dMARINA<\/strong> \u2013 Upotrebljava se za ja\u010danje rada jetre, kod povi\u0161enih triglicerida i kolesterola u krvi.<\/p>\n\n\n\n<p><strong>TINKTURA USPRAVNE PETOPRSTE <\/strong>\u2013 Poma\u017ee kod upale desni, paradontoze, ekcema, li\u0161ajeva, upala \u010direva na ko\u017ei.<\/p>\n","protected":false},"excerpt":{"rendered":"<p>Tinkture su teku\u0107i alkoholni ekstrakti iz ljekoviti biljaka. Za tinkture se upotrebljava 40, 50 ili 70 postotni alkohol. One su vrlo u\u010dinkovite kao biljne kapi koje se uzimaju samostalno ili kao dodatak pi\u0107u i hrani. Najpoznatije su tinkture : TINKTURA BREZE \u2013 Poma\u017ee kod upale bubrega, oboljenja jetre, \u017eu\u010dnih kamenaca i upale mjehura. TINKTURA DIVLJEG [&hellip;]<\/p>\n","protected":false},"author":1,"featured_media":0,"parent":0,"menu_order":0,"comment_status":"open","ping_status":"open","template":"","meta":{"footnotes":""},"class_list":["post-889","page","type-page","status-publish","hentry"],"_links":{"self":[{"href":"https:\/\/prirodnilijek.covermagazin.com\/index.php?rest_route=\/wp\/v2\/pages\/889","targetHints":{"allow":["GET"]}}],"collection":[{"href":"https:\/\/prirodnilijek.covermagazin.com\/index.php?rest_route=\/wp\/v2\/pages"}],"about":[{"href":"https:\/\/prirodnilijek.covermagazin.com\/index.php?rest_route=\/wp\/v2\/types\/page"}],"author":[{"embeddable":true,"href":"https:\/\/prirodnilijek.covermagazin.com\/index.php?rest_route=\/wp\/v2\/users\/1"}],"replies":[{"embeddable":true,"href":"https:\/\/prirodnilijek.covermagazin.com\/index.php?rest_route=%2Fwp%2Fv2%2Fcomments&post=889"}],"version-history":[{"count":4,"href":"https:\/\/prirodnilijek.covermagazin.com\/index.php?rest_route=\/wp\/v2\/pages\/889\/revisions"}],"predecessor-version":[{"id":7752,"href":"https:\/\/prirodnilijek.covermagazin.com\/index.php?rest_route=\/wp\/v2\/pages\/889\/revisions\/7752"}],"wp:attachment":[{"href":"https:\/\/prirodnilijek.covermagazin.com\/index.php?rest_route=%2Fwp%2Fv2%2Fmedia&parent=889"}],"curies":[{"name":"wp","href":"https:\/\/api.w.org\/{rel}","templated":true}]}}